{"id":10277,"date":"2025-09-04T09:47:10","date_gmt":"2025-09-04T09:47:10","guid":{"rendered":"https:\/\/shevi.az\/?post_type=product&#038;p=10277"},"modified":"2025-09-04T10:09:31","modified_gmt":"2025-09-04T10:09:31","slug":"qizili-duyun-sirga","status":"publish","type":"product","link":"https:\/\/shevi.az\/en\/product\/qizili-duyun-sirga\/","title":{"rendered":"Q\u0131z\u0131l\u0131 D\u00fcy\u00fcn S\u0131r\u011fa"},"content":{"rendered":"<p>\u2705 \u018fn uy\u011fun qiym\u0259t<br \/>\n\ud83e\udd70 She\u2019Vi brendi<br \/>\n\ud83d\udc8e B\u00fct\u00fcn n\u00f6v bijuteriya, g\u00fcm\u00fc\u015f v\u0259 qad\u0131n aksesuarlar\u0131<\/p>\n<p>\ud83e\udd29 G\u00f6z\u0259lliyiniz\u0259 g\u00f6z\u0259llik qat\u0131n!<\/p>","protected":false},"excerpt":{"rendered":"<p>\u2705 \u018fn uy\u011fun qiym\u0259t \ud83e\udd70 She\u2019Vi brendi \ud83d\udc8e B\u00fct\u00fcn n\u00f6v bijuteriya, g\u00fcm\u00fc\u015f v\u0259 qad\u0131n aksesuarlar\u0131 \ud83e\udd29 G\u00f6z\u0259lliyiniz\u0259 g\u00f6z\u0259llik qat\u0131n!<\/p>","protected":false},"featured_media":10279,"comment_status":"open","ping_status":"closed","template":"","meta":{"_joinchat":[]},"product_brand":[],"product_cat":[63,68],"product_tag":[],"class_list":{"0":"post-10277","1":"product","2":"type-product","3":"status-publish","4":"has-post-thumbnail","6":"product_cat-bijuteriya","7":"product_cat-sirga","8":"nt-post-class","9":"","12":"excerpt-none","15":"first","16":"instock","17":"shipping-taxable","18":"purchasable","19":"product-type-simple"},"_links":{"self":[{"href":"https:\/\/shevi.az\/en\/wp-json\/wp\/v2\/product\/10277","targetHints":{"allow":["GET"]}}],"collection":[{"href":"https:\/\/shevi.az\/en\/wp-json\/wp\/v2\/product"}],"about":[{"href":"https:\/\/shevi.az\/en\/wp-json\/wp\/v2\/types\/product"}],"replies":[{"embeddable":true,"href":"https:\/\/shevi.az\/en\/wp-json\/wp\/v2\/comments?post=10277"}],"version-history":[{"count":2,"href":"https:\/\/shevi.az\/en\/wp-json\/wp\/v2\/product\/10277\/revisions"}],"predecessor-version":[{"id":10281,"href":"https:\/\/shevi.az\/en\/wp-json\/wp\/v2\/product\/10277\/revisions\/10281"}],"wp:featuredmedia":[{"embeddable":true,"href":"https:\/\/shevi.az\/en\/wp-json\/wp\/v2\/media\/10279"}],"wp:attachment":[{"href":"https:\/\/shevi.az\/en\/wp-json\/wp\/v2\/media?parent=10277"}],"wp:term":[{"taxonomy":"product_brand","embeddable":true,"href":"https:\/\/shevi.az\/en\/wp-json\/wp\/v2\/product_brand?post=10277"},{"taxonomy":"product_cat","embeddable":true,"href":"https:\/\/shevi.az\/en\/wp-json\/wp\/v2\/product_cat?post=10277"},{"taxonomy":"product_tag","embeddable":true,"href":"https:\/\/shevi.az\/en\/wp-json\/wp\/v2\/product_tag?post=10277"}],"curies":[{"name":"wp","href":"https:\/\/api.w.org\/{rel}","templated":true}]}}