{"id":10373,"date":"2025-09-14T18:53:00","date_gmt":"2025-09-14T18:53:00","guid":{"rendered":"https:\/\/shevi.az\/?post_type=product&#038;p=10373"},"modified":"2025-09-14T18:53:00","modified_gmt":"2025-09-14T18:53:00","slug":"qizili-ilan-pirsing","status":"publish","type":"product","link":"https:\/\/shevi.az\/en\/product\/qizili-ilan-pirsing\/","title":{"rendered":"Q\u0131z\u0131l\u0131 \u0130lan Pirsing"},"content":{"rendered":"<p><img decoding=\"async\" class=\"emoji\" role=\"img\" draggable=\"false\" src=\"https:\/\/s.w.org\/images\/core\/emoji\/16.0.1\/svg\/2705.svg\" alt=\"\u2705\" \/>\u00a0Uy\u011fun qiym\u0259t<br \/>\n<img decoding=\"async\" class=\"emoji\" role=\"img\" draggable=\"false\" src=\"https:\/\/s.w.org\/images\/core\/emoji\/16.0.1\/svg\/1f970.svg\" alt=\"\ud83e\udd70\" \/>\u00a0She\u2019Vi brendi<br \/>\n<img decoding=\"async\" class=\"emoji\" role=\"img\" draggable=\"false\" src=\"https:\/\/s.w.org\/images\/core\/emoji\/16.0.1\/svg\/1f48e.svg\" alt=\"\ud83d\udc8e\" \/>\u00a0B\u00fct\u00fcn n\u00f6v bijuteriya, g\u00fcm\u00fc\u015f v\u0259 qad\u0131n aksesuarlar\u0131<\/p>\n<p><img decoding=\"async\" class=\"emoji\" role=\"img\" draggable=\"false\" src=\"https:\/\/s.w.org\/images\/core\/emoji\/16.0.1\/svg\/1f929.svg\" alt=\"\ud83e\udd29\" \/>\u00a0G\u00f6z\u0259lliyiniz\u0259 g\u00f6z\u0259llik qat\u0131n!<\/p>","protected":false},"excerpt":{"rendered":"<p>\u00a0Uy\u011fun qiym\u0259t \u00a0She\u2019Vi brendi \u00a0B\u00fct\u00fcn n\u00f6v bijuteriya, g\u00fcm\u00fc\u015f v\u0259 qad\u0131n aksesuarlar\u0131 \u00a0G\u00f6z\u0259lliyiniz\u0259 g\u00f6z\u0259llik qat\u0131n!<\/p>","protected":false},"featured_media":10374,"comment_status":"open","ping_status":"closed","template":"","meta":{"_joinchat":[]},"product_brand":[],"product_cat":[63,70],"product_tag":[],"class_list":{"0":"post-10373","1":"product","2":"type-product","3":"status-publish","4":"has-post-thumbnail","6":"product_cat-bijuteriya","7":"product_cat-pirsinqler","8":"nt-post-class","9":"","12":"excerpt-none","15":"first","16":"instock","17":"shipping-taxable","18":"purchasable","19":"product-type-simple"},"_links":{"self":[{"href":"https:\/\/shevi.az\/en\/wp-json\/wp\/v2\/product\/10373","targetHints":{"allow":["GET"]}}],"collection":[{"href":"https:\/\/shevi.az\/en\/wp-json\/wp\/v2\/product"}],"about":[{"href":"https:\/\/shevi.az\/en\/wp-json\/wp\/v2\/types\/product"}],"replies":[{"embeddable":true,"href":"https:\/\/shevi.az\/en\/wp-json\/wp\/v2\/comments?post=10373"}],"version-history":[{"count":1,"href":"https:\/\/shevi.az\/en\/wp-json\/wp\/v2\/product\/10373\/revisions"}],"predecessor-version":[{"id":10375,"href":"https:\/\/shevi.az\/en\/wp-json\/wp\/v2\/product\/10373\/revisions\/10375"}],"wp:featuredmedia":[{"embeddable":true,"href":"https:\/\/shevi.az\/en\/wp-json\/wp\/v2\/media\/10374"}],"wp:attachment":[{"href":"https:\/\/shevi.az\/en\/wp-json\/wp\/v2\/media?parent=10373"}],"wp:term":[{"taxonomy":"product_brand","embeddable":true,"href":"https:\/\/shevi.az\/en\/wp-json\/wp\/v2\/product_brand?post=10373"},{"taxonomy":"product_cat","embeddable":true,"href":"https:\/\/shevi.az\/en\/wp-json\/wp\/v2\/product_cat?post=10373"},{"taxonomy":"product_tag","embeddable":true,"href":"https:\/\/shevi.az\/en\/wp-json\/wp\/v2\/product_tag?post=10373"}],"curies":[{"name":"wp","href":"https:\/\/api.w.org\/{rel}","templated":true}]}}