{"id":10517,"date":"2025-09-26T13:16:55","date_gmt":"2025-09-26T13:16:55","guid":{"rendered":"https:\/\/shevi.az\/?post_type=product&#038;p=10517"},"modified":"2025-09-26T13:16:56","modified_gmt":"2025-09-26T13:16:56","slug":"mirvari-qasli-qolbaq","status":"publish","type":"product","link":"https:\/\/shevi.az\/en\/product\/mirvari-qasli-qolbaq\/","title":{"rendered":"Mirvari Qa\u015fl\u0131 Qolbaq"},"content":{"rendered":"<p><img decoding=\"async\" class=\"emoji\" role=\"img\" draggable=\"false\" src=\"https:\/\/s.w.org\/images\/core\/emoji\/16.0.1\/svg\/2705.svg\" alt=\"\u2705\" \/>\u00a0\u018fn uy\u011fun qiym\u0259t<br \/>\n<img decoding=\"async\" class=\"emoji\" role=\"img\" draggable=\"false\" src=\"https:\/\/s.w.org\/images\/core\/emoji\/16.0.1\/svg\/1f970.svg\" alt=\"\ud83e\udd70\" \/>\u00a0She\u2019Vi brendi<br \/>\n<img decoding=\"async\" class=\"emoji\" role=\"img\" draggable=\"false\" src=\"https:\/\/s.w.org\/images\/core\/emoji\/16.0.1\/svg\/1f48e.svg\" alt=\"\ud83d\udc8e\" \/>\u00a0B\u00fct\u00fcn n\u00f6v bijuteriya, g\u00fcm\u00fc\u015f v\u0259 qad\u0131n aksesuarlar\u0131<\/p>\n<p><img decoding=\"async\" class=\"emoji\" role=\"img\" draggable=\"false\" src=\"https:\/\/s.w.org\/images\/core\/emoji\/16.0.1\/svg\/1f929.svg\" alt=\"\ud83e\udd29\" \/>\u00a0G\u00f6z\u0259lliyiniz\u0259 g\u00f6z\u0259llik qat\u0131n!<\/p>","protected":false},"excerpt":{"rendered":"<p>\u00a0\u018fn uy\u011fun qiym\u0259t \u00a0She\u2019Vi brendi \u00a0B\u00fct\u00fcn n\u00f6v bijuteriya, g\u00fcm\u00fc\u015f v\u0259 qad\u0131n aksesuarlar\u0131 \u00a0G\u00f6z\u0259lliyiniz\u0259 g\u00f6z\u0259llik qat\u0131n!<\/p>","protected":false},"featured_media":10518,"comment_status":"open","ping_status":"closed","template":"","meta":{"_joinchat":[]},"product_brand":[],"product_cat":[63,73],"product_tag":[],"class_list":{"0":"post-10517","1":"product","2":"type-product","3":"status-publish","4":"has-post-thumbnail","6":"product_cat-bijuteriya","7":"product_cat-qolbaq","8":"nt-post-class","9":"","12":"excerpt-none","15":"first","16":"instock","17":"shipping-taxable","18":"purchasable","19":"product-type-simple"},"_links":{"self":[{"href":"https:\/\/shevi.az\/en\/wp-json\/wp\/v2\/product\/10517","targetHints":{"allow":["GET"]}}],"collection":[{"href":"https:\/\/shevi.az\/en\/wp-json\/wp\/v2\/product"}],"about":[{"href":"https:\/\/shevi.az\/en\/wp-json\/wp\/v2\/types\/product"}],"replies":[{"embeddable":true,"href":"https:\/\/shevi.az\/en\/wp-json\/wp\/v2\/comments?post=10517"}],"version-history":[{"count":2,"href":"https:\/\/shevi.az\/en\/wp-json\/wp\/v2\/product\/10517\/revisions"}],"predecessor-version":[{"id":10520,"href":"https:\/\/shevi.az\/en\/wp-json\/wp\/v2\/product\/10517\/revisions\/10520"}],"wp:featuredmedia":[{"embeddable":true,"href":"https:\/\/shevi.az\/en\/wp-json\/wp\/v2\/media\/10518"}],"wp:attachment":[{"href":"https:\/\/shevi.az\/en\/wp-json\/wp\/v2\/media?parent=10517"}],"wp:term":[{"taxonomy":"product_brand","embeddable":true,"href":"https:\/\/shevi.az\/en\/wp-json\/wp\/v2\/product_brand?post=10517"},{"taxonomy":"product_cat","embeddable":true,"href":"https:\/\/shevi.az\/en\/wp-json\/wp\/v2\/product_cat?post=10517"},{"taxonomy":"product_tag","embeddable":true,"href":"https:\/\/shevi.az\/en\/wp-json\/wp\/v2\/product_tag?post=10517"}],"curies":[{"name":"wp","href":"https:\/\/api.w.org\/{rel}","templated":true}]}}