{"id":10526,"date":"2025-09-30T20:20:25","date_gmt":"2025-09-30T20:20:25","guid":{"rendered":"https:\/\/shevi.az\/?post_type=product&#038;p=10526"},"modified":"2025-09-30T20:20:28","modified_gmt":"2025-09-30T20:20:28","slug":"s%c9%99ma-r%c9%99ngi-pandora-uzuk","status":"publish","type":"product","link":"https:\/\/shevi.az\/en\/product\/s%c9%99ma-r%c9%99ngi-pandora-uzuk\/","title":{"rendered":"S\u0259ma R\u0259ngi Pandora \u00dcz\u00fck"},"content":{"rendered":"<p><img decoding=\"async\" class=\"emoji\" role=\"img\" draggable=\"false\" src=\"https:\/\/s.w.org\/images\/core\/emoji\/16.0.1\/svg\/2705.svg\" alt=\"\u2705\" \/>\u00a0\u018fn uy\u011fun qiym\u0259t<br \/>\n<img decoding=\"async\" class=\"emoji\" role=\"img\" draggable=\"false\" src=\"https:\/\/s.w.org\/images\/core\/emoji\/16.0.1\/svg\/1f970.svg\" alt=\"\ud83e\udd70\" \/>\u00a0She\u2019Vi brendi<br \/>\n<img decoding=\"async\" class=\"emoji\" role=\"img\" draggable=\"false\" src=\"https:\/\/s.w.org\/images\/core\/emoji\/16.0.1\/svg\/1f48e.svg\" alt=\"\ud83d\udc8e\" \/>\u00a0B\u00fct\u00fcn n\u00f6v bijuteriya, g\u00fcm\u00fc\u015f v\u0259 qad\u0131n aksesuarlar\u0131<\/p>\n<p><img decoding=\"async\" class=\"emoji\" role=\"img\" draggable=\"false\" src=\"https:\/\/s.w.org\/images\/core\/emoji\/16.0.1\/svg\/1f929.svg\" alt=\"\ud83e\udd29\" \/>\u00a0G\u00f6z\u0259lliyiniz\u0259 g\u00f6z\u0259llik qat\u0131n!<\/p>","protected":false},"excerpt":{"rendered":"<p>\u00a0\u018fn uy\u011fun qiym\u0259t \u00a0She\u2019Vi brendi \u00a0B\u00fct\u00fcn n\u00f6v bijuteriya, g\u00fcm\u00fc\u015f v\u0259 qad\u0131n aksesuarlar\u0131 \u00a0G\u00f6z\u0259lliyiniz\u0259 g\u00f6z\u0259llik qat\u0131n!<\/p>","protected":false},"featured_media":10527,"comment_status":"open","ping_status":"closed","template":"","meta":{"_joinchat":[]},"product_brand":[],"product_cat":[63,72],"product_tag":[],"class_list":{"0":"post-10526","1":"product","2":"type-product","3":"status-publish","4":"has-post-thumbnail","6":"product_cat-bijuteriya","7":"product_cat-uzuk","8":"nt-post-class","9":"","12":"excerpt-none","15":"first","16":"instock","17":"shipping-taxable","18":"purchasable","19":"product-type-simple"},"_links":{"self":[{"href":"https:\/\/shevi.az\/en\/wp-json\/wp\/v2\/product\/10526","targetHints":{"allow":["GET"]}}],"collection":[{"href":"https:\/\/shevi.az\/en\/wp-json\/wp\/v2\/product"}],"about":[{"href":"https:\/\/shevi.az\/en\/wp-json\/wp\/v2\/types\/product"}],"replies":[{"embeddable":true,"href":"https:\/\/shevi.az\/en\/wp-json\/wp\/v2\/comments?post=10526"}],"version-history":[{"count":1,"href":"https:\/\/shevi.az\/en\/wp-json\/wp\/v2\/product\/10526\/revisions"}],"predecessor-version":[{"id":10528,"href":"https:\/\/shevi.az\/en\/wp-json\/wp\/v2\/product\/10526\/revisions\/10528"}],"wp:featuredmedia":[{"embeddable":true,"href":"https:\/\/shevi.az\/en\/wp-json\/wp\/v2\/media\/10527"}],"wp:attachment":[{"href":"https:\/\/shevi.az\/en\/wp-json\/wp\/v2\/media?parent=10526"}],"wp:term":[{"taxonomy":"product_brand","embeddable":true,"href":"https:\/\/shevi.az\/en\/wp-json\/wp\/v2\/product_brand?post=10526"},{"taxonomy":"product_cat","embeddable":true,"href":"https:\/\/shevi.az\/en\/wp-json\/wp\/v2\/product_cat?post=10526"},{"taxonomy":"product_tag","embeddable":true,"href":"https:\/\/shevi.az\/en\/wp-json\/wp\/v2\/product_tag?post=10526"}],"curies":[{"name":"wp","href":"https:\/\/api.w.org\/{rel}","templated":true}]}}